{"id":1316,"date":"2017-10-16T04:10:26","date_gmt":"2017-10-16T04:10:26","guid":{"rendered":"http:\/\/ninzio.com\/bauer\/?page_id=1316"},"modified":"2021-04-24T14:26:35","modified_gmt":"2021-04-24T11:26:35","slug":"kurumsal","status":"publish","type":"page","link":"https:\/\/erdogankardeslerplastik.com\/index.php\/kurumsal\/","title":{"rendered":"Kurumsal"},"content":{"rendered":"<p>[vc_row css=&#8221;.vc_custom_1558754119849{background-image: url(https:\/\/erdogankardeslerplastik.com\/wp-content\/uploads\/2019\/05\/main-bg-1.png?id=8860) !important;background-position: center !important;background-repeat: no-repeat !important;background-size: cover !important;}&#8221; el_id=&#8221;first-row&#8221;][vc_column]\r\n\t<div class=\"bauer-spacer clearfix\" data-desktop=\"94\" data-mobi=\"60\" data-smobi=\"60\"><\/div>[vc_row_inner][vc_column_inner width=&#8221;1\/2&#8243;]<div class=\"bauer-single-heading clearfix \" style=\"margin-bottom:25px;\"><span class=\"inner\"><span class=\"heading clearfix \" style=\"font-weight:600;color:#cacaca;font-size:16px;\">\r\n\t\tERDO\u011eAN KARDE\u015eLER PLAST\u0130K\r\n\t<\/span><\/span><\/div><div class=\"bauer-text clearfix \" style=\"font-size:18px;line-height:30px;color:#414042;margin-bottom:34px;\"><p><span>Ambalaj sekt\u00f6r\u00fcnde 3.ku\u015fak olarak faaliyetini s\u00fcrd\u00fcren 2003 y\u0131l\u0131nda \u00fcretime ba\u015flayan ERDO\u011eAN KARDE\u015eLER PLAST\u0130K \u00dcR\u00dcNLER\u0130 \u0130ML.SAN.T\u0130C.LTD.\u015eT\u0130. yolculu\u011funa s\u00fcrekli de\u011fi\u015fmekte ve geli\u015fmekte olan teknolojiyi takip ederek do\u011fru kararlarla sekt\u00f6rde yerini alm\u0131\u015ft\u0131r.<\/span><\/p>\n<\/div><div class=\"bauer-text clearfix \" style=\"font-size:18px;line-height:30px;color:#414042;margin-bottom:34px;\"><p style=\"text-align: left;\"><span>ERDO\u011eAN KARDE\u015eLER PLAST\u0130K \u00dcR\u00dcNLER\u0130 \u0130ML.SAN.T\u0130C.LTD.\u015eT\u0130. olarak uzman kadrosunun deste\u011fi ile y\u00fcksek kaliteyi hedefleyen ve m\u00fc\u015fterilerimizin memnuniyeti, beklentisi ve talepleri do\u011frultusun da yat\u0131r\u0131mlar\u0131n\u0131 yaparak y\u0131ll\u0131k kapasitesini 10 bin tona \u00e7\u0131karman\u0131n gururunu ya\u015f\u0131yoruz.<\/span><\/p>\n<\/div><div class=\"bauer-text clearfix \" style=\"\"><p><strong>M\u0130SYONUMUZ<\/strong><\/p>\n<p>\u00dcretici ruhumuzla tecr\u00fcbelerimizi birle\u015ftirip i\u015f ortaklar\u0131m\u0131z\u0131n de\u011ferlerini korumak.<\/p>\n<p><strong>V\u0130ZYONUMUZ<\/strong><\/p>\n<p>Ambalaj paketleme teknolojisinde payda\u015flar\u0131m\u0131za ilham olmak ve global \u00e7\u00f6z\u00fcmler \u00fcretmek.<\/p>\n<p><strong>\u00dcRET\u0130M<\/strong><\/p>\n<p>Talep do\u011frultusunda 10cm den ba\u015flayarak 600cm e kadar talep edilen \u00f6l\u00e7\u00fclerde polietilen naylon \u00fcretebilecek teknolojiye sahip olmaktay\u0131z.<\/p>\n<\/div>\r\n\t<div class=\"bauer-spacer clearfix\" data-desktop=\"60\" data-mobi=\"30\" data-smobi=\"30\"><\/div>[\/vc_column_inner][vc_column_inner width=&#8221;1\/2&#8243;]\r\n\t<div class=\"bauer-spacer clearfix\" data-desktop=\"55\" data-mobi=\"40\" data-smobi=\"40\"><\/div><div class=\"bauer-simple-image text-center\" style=\"\" >\r\n\t\t\t<img decoding=\"async\" alt=\"image\" src=\"https:\/\/erdogankardeslerplastik.com\/wp-content\/uploads\/2021\/03\/about-main-1.png\" \/> \r\n\t\t<\/div>[\/vc_column_inner][\/vc_row_inner]\r\n\t<div class=\"bauer-spacer clearfix\" data-desktop=\"100\" data-mobi=\"60\" data-smobi=\"60\"><\/div>[\/vc_column][\/vc_row]<\/p>\n","protected":false},"excerpt":{"rendered":"<p>[vc_row css=&#8221;.vc_custom_1558754119849{background-image: url(https:\/\/erdogankardeslerplastik.com\/wp-content\/uploads\/2019\/05\/main-bg-1.png?id=8860) !important;background-position: center !important;background-repeat: no-repeat !important;background-size: cover !important;}&#8221; el_id=&#8221;first-row&#8221;][vc_column][vc_row_inner][vc_column_inner width=&#8221;1\/2&#8243;][\/vc_column_inner][vc_column_inner width=&#8221;1\/2&#8243;][\/vc_column_inner][\/vc_row_inner][\/vc_column][\/vc_row]<\/p>\n","protected":false},"author":1,"featured_media":0,"parent":0,"menu_order":0,"comment_status":"closed","ping_status":"closed","template":"","meta":{"footnotes":""},"class_list":["post-1316","page","type-page","status-publish","hentry"],"_links":{"self":[{"href":"https:\/\/erdogankardeslerplastik.com\/index.php\/wp-json\/wp\/v2\/pages\/1316","targetHints":{"allow":["GET"]}}],"collection":[{"href":"https:\/\/erdogankardeslerplastik.com\/index.php\/wp-json\/wp\/v2\/pages"}],"about":[{"href":"https:\/\/erdogankardeslerplastik.com\/index.php\/wp-json\/wp\/v2\/types\/page"}],"author":[{"embeddable":true,"href":"https:\/\/erdogankardeslerplastik.com\/index.php\/wp-json\/wp\/v2\/users\/1"}],"replies":[{"embeddable":true,"href":"https:\/\/erdogankardeslerplastik.com\/index.php\/wp-json\/wp\/v2\/comments?post=1316"}],"version-history":[{"count":8,"href":"https:\/\/erdogankardeslerplastik.com\/index.php\/wp-json\/wp\/v2\/pages\/1316\/revisions"}],"predecessor-version":[{"id":9449,"href":"https:\/\/erdogankardeslerplastik.com\/index.php\/wp-json\/wp\/v2\/pages\/1316\/revisions\/9449"}],"wp:attachment":[{"href":"https:\/\/erdogankardeslerplastik.com\/index.php\/wp-json\/wp\/v2\/media?parent=1316"}],"curies":[{"name":"wp","href":"https:\/\/api.w.org\/{rel}","templated":true}]}}